{"id":340,"date":"2022-10-28T15:46:53","date_gmt":"2022-10-28T15:46:53","guid":{"rendered":"https:\/\/thriverse.com\/?page_id=340"},"modified":"2023-09-04T11:37:50","modified_gmt":"2023-09-04T11:37:50","slug":"success-cases","status":"publish","type":"page","link":"https:\/\/thriverse.com\/sl\/success-cases\/","title":{"rendered":"Zgodbe o uspehu"},"content":{"rendered":"<div id=\"fws_69f6165797952\"  data-column-margin=\"default\" data-midnight=\"dark\"  class=\"wpb_row vc_row-fluid vc_row\"  style=\"padding-top: 0px; padding-bottom: 0px; \"><div class=\"row-bg-wrap\" data-bg-animation=\"none\" data-bg-animation-delay=\"\" data-bg-overlay=\"false\"><div class=\"inner-wrap row-bg-layer\" ><div class=\"row-bg viewport-desktop\"  style=\"\"><\/div><\/div><\/div><div class=\"row_col_wrap_12 col span_12 dark left\">\n\t<div  class=\"vc_col-sm-12 wpb_column column_container vc_column_container col no-extra-padding inherit_tablet inherit_phone\"  data-padding-pos=\"all\" data-has-bg-color=\"false\" data-bg-color=\"\" data-bg-opacity=\"1\" data-animation=\"\" data-delay=\"0\" >\n\t\t<div class=\"vc_column-inner\" >\n\t\t\t<div class=\"wpb_wrapper\">\n\t\t\t\t\n    <div class=\"row blog-recent columns-3\" data-style=\"classic_enhanced\" data-color-scheme=\"light\" data-remove-post-date=\"1\" data-remove-post-author=\"1\" data-remove-post-comment-number=\"1\" data-remove-post-nectar-love=\"1\">\n\n      \n      <div class=\"col span_4 post-3479 post type-post status-publish format-standard has-post-thumbnail category-success-cases category-thriving-leader category-thriving-organization category-thriving-team\" >\n\n        \n            <div class=\"inner-wrap post-3479 post type-post status-publish format-standard has-post-thumbnail category-success-cases category-thriving-leader category-thriving-organization category-thriving-team\">\n\n            <a href=\"https:\/\/thriverse.com\/sl\/sta\/\"  class=\"img-link\"><span class=\"post-featured-img\"><img loading=\"lazy\" decoding=\"async\" width=\"600\" height=\"403\" src=\"https:\/\/thriverse.com\/wp-content\/uploads\/2023\/08\/Anuska-600x403.jpeg\" class=\"attachment-portfolio-thumb size-portfolio-thumb wp-post-image\" alt=\"\" title=\"\" sizes=\"auto, (min-width: 1300px) 33vw, (min-width: 1000px) 33vw, (min-width: 690px) 100vw, 100vw\" srcset=\"https:\/\/thriverse.com\/wp-content\/uploads\/2023\/08\/Anuska-600x403.jpeg 600w, https:\/\/thriverse.com\/wp-content\/uploads\/2023\/08\/Anuska-18x12.jpeg 18w, https:\/\/thriverse.com\/wp-content\/uploads\/2023\/08\/Anuska-900x604.jpeg 900w, https:\/\/thriverse.com\/wp-content\/uploads\/2023\/08\/Anuska-400x269.jpeg 400w\" \/><\/span><\/a><span class=\"meta-category\"><a class=\"success-cases\" href=\"https:\/\/thriverse.com\/sl\/category\/success-cases\/\">Zgodbe o uspehu<\/a><a class=\"thriving-leader\" href=\"https:\/\/thriverse.com\/sl\/category\/success-cases\/thriving-leader\/\">Izjemni vodja<\/a><a class=\"thriving-organization\" href=\"https:\/\/thriverse.com\/sl\/category\/success-cases\/thriving-organization\/\">Izjemna organizacija<\/a><a class=\"thriving-team\" href=\"https:\/\/thriverse.com\/sl\/category\/success-cases\/thriving-team\/\">Izjemna ekipa<\/a><\/span><a class=\"entire-meta-link\" href=\"https:\/\/thriverse.com\/sl\/sta\/\" ><span class=\"screen-reader-text\">Evolucija STA Ljubljana: 20% dvig prodaje<\/span><\/a>\n            <div class=\"article-content-wrap\">\n              <div class=\"post-header\">\n                <span class=\"meta\"> 23 avgusta, 2023 <\/span>\n                <h3 class=\"title\">Evolucija STA Ljubljana: 20% dvig prodaje<\/h3>\n              <\/div><!--\/post-header-->\n              <div class=\"excerpt\">\n                Izziv in odlo\u010dnost. Le pol leta, da smo to ekipo pri\u017egali in jo pripeljali do uspeha - ali pa bi izginila v 'rde\u010dem oceanu' konkurence.              <\/div>\n            <\/div>\n\n            <div class=\"post-meta\">\n              <span class=\"meta-author\"> <a href=\"https:\/\/thriverse.com\/sl\/author\/thriverse\/\"> <i class=\"icon-default-style icon-salient-m-user\"><\/i> thriverse<\/a> <\/span>\n\n              \n              <div class=\"nectar-love-wrap\">\n                <a href=\"#\" class=\"nectar-love\" id=\"nectar-love-3479\" title=\"Love this\"> <i class=\"icon-salient-heart-2\"><\/i><span class=\"love-text\">Love<\/span><span class=\"total_loves\"><span class=\"nectar-love-count\">0<\/span><\/span><\/a>              <\/div><!--\/nectar-love-wrap-->\n            <\/div>\n\n          <\/div>\n\n        \n      <\/div><!--\/col-->\n\n      \n      <div class=\"col span_4 post-3456 post type-post status-publish format-standard has-post-thumbnail category-success-cases category-thriving-leader category-thriving-organization category-thriving-team\" >\n\n        \n            <div class=\"inner-wrap post-3456 post type-post status-publish format-standard has-post-thumbnail category-success-cases category-thriving-leader category-thriving-organization category-thriving-team\">\n\n            <a href=\"https:\/\/thriverse.com\/sl\/mercator\/\"  class=\"img-link\"><span class=\"post-featured-img\"><img loading=\"lazy\" decoding=\"async\" width=\"600\" height=\"403\" src=\"https:\/\/thriverse.com\/wp-content\/uploads\/2023\/08\/mercator_poslovna-stavba_2-600x403.jpg\" class=\"attachment-portfolio-thumb size-portfolio-thumb wp-post-image\" alt=\"\" title=\"\" sizes=\"auto, (min-width: 1300px) 33vw, (min-width: 1000px) 33vw, (min-width: 690px) 100vw, 100vw\" srcset=\"https:\/\/thriverse.com\/wp-content\/uploads\/2023\/08\/mercator_poslovna-stavba_2-600x403.jpg 600w, https:\/\/thriverse.com\/wp-content\/uploads\/2023\/08\/mercator_poslovna-stavba_2-18x12.jpg 18w, https:\/\/thriverse.com\/wp-content\/uploads\/2023\/08\/mercator_poslovna-stavba_2-400x269.jpg 400w\" \/><\/span><\/a><span class=\"meta-category\"><a class=\"success-cases\" href=\"https:\/\/thriverse.com\/sl\/category\/success-cases\/\">Zgodbe o uspehu<\/a><a class=\"thriving-leader\" href=\"https:\/\/thriverse.com\/sl\/category\/success-cases\/thriving-leader\/\">Izjemni vodja<\/a><a class=\"thriving-organization\" href=\"https:\/\/thriverse.com\/sl\/category\/success-cases\/thriving-organization\/\">Izjemna organizacija<\/a><a class=\"thriving-team\" href=\"https:\/\/thriverse.com\/sl\/category\/success-cases\/thriving-team\/\">Izjemna ekipa<\/a><\/span><a class=\"entire-meta-link\" href=\"https:\/\/thriverse.com\/sl\/mercator\/\" ><span class=\"screen-reader-text\">Pove\u010danje kakovosti storitev in zavzetosti v podjetju MERCATOR<\/span><\/a>\n            <div class=\"article-content-wrap\">\n              <div class=\"post-header\">\n                <span class=\"meta\"> 17 avgusta, 2023 <\/span>\n                <h3 class=\"title\">Pove\u010danje kakovosti storitev in zavzetosti v podjetju MERCATOR<\/h3>\n              <\/div><!--\/post-header-->\n              <div class=\"excerpt\">\n                Sanje vsakega oddelka IT: U\u010dinkovito odpravljanje zahetevkov in priznanje ostalih delov organizacije. Vse to je mogo\u010de dose\u010di s podpornim sodelovanjem in novo skupinsko dinamiko.              <\/div>\n            <\/div>\n\n            <div class=\"post-meta\">\n              <span class=\"meta-author\"> <a href=\"https:\/\/thriverse.com\/sl\/author\/thriverse\/\"> <i class=\"icon-default-style icon-salient-m-user\"><\/i> thriverse<\/a> <\/span>\n\n              \n              <div class=\"nectar-love-wrap\">\n                <a href=\"#\" class=\"nectar-love\" id=\"nectar-love-3456\" title=\"Love this\"> <i class=\"icon-salient-heart-2\"><\/i><span class=\"love-text\">Love<\/span><span class=\"total_loves\"><span class=\"nectar-love-count\">0<\/span><\/span><\/a>              <\/div><!--\/nectar-love-wrap-->\n            <\/div>\n\n          <\/div>\n\n        \n      <\/div><!--\/col-->\n\n      \n      <div class=\"col span_4 post-3449 post type-post status-publish format-standard has-post-thumbnail category-success-cases category-thriving-leader category-thriving-organization category-thriving-team\" >\n\n        \n            <div class=\"inner-wrap post-3449 post type-post status-publish format-standard has-post-thumbnail category-success-cases category-thriving-leader category-thriving-organization category-thriving-team\">\n\n            <a href=\"https:\/\/thriverse.com\/sl\/a1\/\"  class=\"img-link\"><span class=\"post-featured-img\"><img loading=\"lazy\" decoding=\"async\" width=\"600\" height=\"403\" src=\"https:\/\/thriverse.com\/wp-content\/uploads\/2023\/08\/logoa1-600x403.png\" class=\"attachment-portfolio-thumb size-portfolio-thumb wp-post-image\" alt=\"\" title=\"\" sizes=\"auto, (min-width: 1300px) 33vw, (min-width: 1000px) 33vw, (min-width: 690px) 100vw, 100vw\" srcset=\"https:\/\/thriverse.com\/wp-content\/uploads\/2023\/08\/logoa1-600x403.png 600w, https:\/\/thriverse.com\/wp-content\/uploads\/2023\/08\/logoa1-900x604.png 900w, https:\/\/thriverse.com\/wp-content\/uploads\/2023\/08\/logoa1-400x269.png 400w\" \/><\/span><\/a><span class=\"meta-category\"><a class=\"success-cases\" href=\"https:\/\/thriverse.com\/sl\/category\/success-cases\/\">Zgodbe o uspehu<\/a><a class=\"thriving-leader\" href=\"https:\/\/thriverse.com\/sl\/category\/success-cases\/thriving-leader\/\">Izjemni vodja<\/a><a class=\"thriving-organization\" href=\"https:\/\/thriverse.com\/sl\/category\/success-cases\/thriving-organization\/\">Izjemna organizacija<\/a><a class=\"thriving-team\" href=\"https:\/\/thriverse.com\/sl\/category\/success-cases\/thriving-team\/\">Izjemna ekipa<\/a><\/span><a class=\"entire-meta-link\" href=\"https:\/\/thriverse.com\/sl\/a1\/\" ><span class=\"screen-reader-text\">A1 Telekom Austria Group<\/span><\/a>\n            <div class=\"article-content-wrap\">\n              <div class=\"post-header\">\n                <span class=\"meta\"> 17 avgusta, 2023 <\/span>\n                <h3 class=\"title\">A1 Telekom Austria Group<\/h3>\n              <\/div><!--\/post-header-->\n              <div class=\"excerpt\">\n                Dvig zavzetosti zaposlenih IN preseganje KPI-jev? Za\u010dne se s prepoznavanjem talentov v ekipah in uvajanjem novih navad, kot je to storil A1 Telekom Austria Group.              <\/div>\n            <\/div>\n\n            <div class=\"post-meta\">\n              <span class=\"meta-author\"> <a href=\"https:\/\/thriverse.com\/sl\/author\/thriverse\/\"> <i class=\"icon-default-style icon-salient-m-user\"><\/i> thriverse<\/a> <\/span>\n\n              \n              <div class=\"nectar-love-wrap\">\n                <a href=\"#\" class=\"nectar-love\" id=\"nectar-love-3449\" title=\"Love this\"> <i class=\"icon-salient-heart-2\"><\/i><span class=\"love-text\">Love<\/span><span class=\"total_loves\"><span class=\"nectar-love-count\">0<\/span><\/span><\/a>              <\/div><!--\/nectar-love-wrap-->\n            <\/div>\n\n          <\/div>\n\n        \n      <\/div><!--\/col-->\n\n      \n      <div class=\"col span_4 post-3178 post type-post status-publish format-standard has-post-thumbnail category-success-cases category-thriving-team\" >\n\n        \n            <div class=\"inner-wrap post-3178 post type-post status-publish format-standard has-post-thumbnail category-success-cases category-thriving-team\">\n\n            <a href=\"https:\/\/thriverse.com\/sl\/thriving-team-results-vzajemna\/\"  class=\"img-link\"><span class=\"post-featured-img\"><img loading=\"lazy\" decoding=\"async\" width=\"600\" height=\"403\" src=\"https:\/\/thriverse.com\/wp-content\/uploads\/2023\/03\/thriving-leader-fotka-600x403.png\" class=\"attachment-portfolio-thumb size-portfolio-thumb wp-post-image\" alt=\"\" title=\"\" sizes=\"auto, (min-width: 1300px) 33vw, (min-width: 1000px) 33vw, (min-width: 690px) 100vw, 100vw\" srcset=\"https:\/\/thriverse.com\/wp-content\/uploads\/2023\/03\/thriving-leader-fotka-600x403.png 600w, https:\/\/thriverse.com\/wp-content\/uploads\/2023\/03\/thriving-leader-fotka-900x604.png 900w, https:\/\/thriverse.com\/wp-content\/uploads\/2023\/03\/thriving-leader-fotka-400x269.png 400w\" \/><\/span><\/a><span class=\"meta-category\"><a class=\"success-cases\" href=\"https:\/\/thriverse.com\/sl\/category\/success-cases\/\">Zgodbe o uspehu<\/a><a class=\"thriving-team\" href=\"https:\/\/thriverse.com\/sl\/category\/success-cases\/thriving-team\/\">Izjemna ekipa<\/a><\/span><a class=\"entire-meta-link\" href=\"https:\/\/thriverse.com\/sl\/thriving-team-results-vzajemna\/\" ><span class=\"screen-reader-text\">Izjemna ekipa &amp; Izjemni rezultati na Vzajemna,  zdravstveni zavarovalnici<\/span><\/a>\n            <div class=\"article-content-wrap\">\n              <div class=\"post-header\">\n                <span class=\"meta\"> 21 marca, 2023 <\/span>\n                <h3 class=\"title\">Izjemna ekipa &amp; Izjemni rezultati na Vzajemna,  zdravstveni zavarovalnici<\/h3>\n              <\/div><!--\/post-header-->\n              <div class=\"excerpt\">\n                Uspe\u0161na ekipa v polnem zanosu! Oglejte si, kako je vzpostavitev nove ekipne dinamike izbolj\u0161ala uspe\u0161nost s preoblikovanjem zdrave delovne kulture, s poudarkom na medosebnih odnosih, zaupanju, psiholo\u0161ki varnosti in talentih.              <\/div>\n            <\/div>\n\n            <div class=\"post-meta\">\n              <span class=\"meta-author\"> <a href=\"https:\/\/thriverse.com\/sl\/author\/thriverse\/\"> <i class=\"icon-default-style icon-salient-m-user\"><\/i> thriverse<\/a> <\/span>\n\n              \n              <div class=\"nectar-love-wrap\">\n                <a href=\"#\" class=\"nectar-love\" id=\"nectar-love-3178\" title=\"Love this\"> <i class=\"icon-salient-heart-2\"><\/i><span class=\"love-text\">Love<\/span><span class=\"total_loves\"><span class=\"nectar-love-count\">0<\/span><\/span><\/a>              <\/div><!--\/nectar-love-wrap-->\n            <\/div>\n\n          <\/div>\n\n        \n      <\/div><!--\/col-->\n\n      \n      <div class=\"col span_4 post-3138 post type-post status-publish format-standard has-post-thumbnail category-q12-employee-engagement category-success-cases category-thriving-organization\" >\n\n        \n            <div class=\"inner-wrap post-3138 post type-post status-publish format-standard has-post-thumbnail category-q12-employee-engagement category-success-cases category-thriving-organization\">\n\n            <a href=\"https:\/\/thriverse.com\/sl\/9x-employee-engagement-elektro-gorenjska\/\"  class=\"img-link\"><span class=\"post-featured-img\"><img loading=\"lazy\" decoding=\"async\" width=\"600\" height=\"403\" src=\"https:\/\/thriverse.com\/wp-content\/uploads\/2023\/03\/Picture1-600x403.jpg\" class=\"attachment-portfolio-thumb size-portfolio-thumb wp-post-image\" alt=\"\" title=\"\" sizes=\"auto, (min-width: 1300px) 33vw, (min-width: 1000px) 33vw, (min-width: 690px) 100vw, 100vw\" srcset=\"https:\/\/thriverse.com\/wp-content\/uploads\/2023\/03\/Picture1-600x403.jpg 600w, https:\/\/thriverse.com\/wp-content\/uploads\/2023\/03\/Picture1-900x604.jpg 900w, https:\/\/thriverse.com\/wp-content\/uploads\/2023\/03\/Picture1-400x269.jpg 400w\" \/><\/span><\/a><span class=\"meta-category\"><a class=\"q12-employee-engagement\" href=\"https:\/\/thriverse.com\/sl\/category\/success-cases\/q12-employee-engagement\/\">Q12 Employee Engagement<\/a><a class=\"success-cases\" href=\"https:\/\/thriverse.com\/sl\/category\/success-cases\/\">Zgodbe o uspehu<\/a><a class=\"thriving-organization\" href=\"https:\/\/thriverse.com\/sl\/category\/success-cases\/thriving-organization\/\">Izjemna organizacija<\/a><\/span><a class=\"entire-meta-link\" href=\"https:\/\/thriverse.com\/sl\/9x-employee-engagement-elektro-gorenjska\/\" ><span class=\"screen-reader-text\">9x ve\u010dja zavzetost zaposlenih pri Elektro Gorenjska<\/span><\/a>\n            <div class=\"article-content-wrap\">\n              <div class=\"post-header\">\n                <span class=\"meta\"> 13 marca, 2023 <\/span>\n                <h3 class=\"title\">9x ve\u010dja zavzetost zaposlenih pri Elektro Gorenjska<\/h3>\n              <\/div><!--\/post-header-->\n              <div class=\"excerpt\">\n                Vztrajnost pri osredoto\u010denosti na ljudi, vodenju in razvoj kulture se res obrestuje.              <\/div>\n            <\/div>\n\n            <div class=\"post-meta\">\n              <span class=\"meta-author\"> <a href=\"https:\/\/thriverse.com\/sl\/author\/thriverse\/\"> <i class=\"icon-default-style icon-salient-m-user\"><\/i> thriverse<\/a> <\/span>\n\n              \n              <div class=\"nectar-love-wrap\">\n                <a href=\"#\" class=\"nectar-love\" id=\"nectar-love-3138\" title=\"Love this\"> <i class=\"icon-salient-heart-2\"><\/i><span class=\"love-text\">Love<\/span><span class=\"total_loves\"><span class=\"nectar-love-count\">0<\/span><\/span><\/a>              <\/div><!--\/nectar-love-wrap-->\n            <\/div>\n\n          <\/div>\n\n        \n      <\/div><!--\/col-->\n\n      \n      <div class=\"col span_4 post-3131 post type-post status-publish format-standard has-post-thumbnail category-success-cases category-thriving-leader category-thriving-organization category-thriving-team\" >\n\n        \n            <div class=\"inner-wrap post-3131 post type-post status-publish format-standard has-post-thumbnail category-success-cases category-thriving-leader category-thriving-organization category-thriving-team\">\n\n            <a href=\"https:\/\/thriverse.com\/sl\/50-percent-increase-sales-tenzor\/\"  class=\"img-link\"><span class=\"post-featured-img\"><img loading=\"lazy\" decoding=\"async\" width=\"600\" height=\"403\" src=\"https:\/\/thriverse.com\/wp-content\/uploads\/2023\/03\/Tenzor-49-600x403.jpg\" class=\"attachment-portfolio-thumb size-portfolio-thumb wp-post-image\" alt=\"\" title=\"\" sizes=\"auto, (min-width: 1300px) 33vw, (min-width: 1000px) 33vw, (min-width: 690px) 100vw, 100vw\" srcset=\"https:\/\/thriverse.com\/wp-content\/uploads\/2023\/03\/Tenzor-49-600x403.jpg 600w, https:\/\/thriverse.com\/wp-content\/uploads\/2023\/03\/Tenzor-49-900x604.jpg 900w, https:\/\/thriverse.com\/wp-content\/uploads\/2023\/03\/Tenzor-49-400x269.jpg 400w\" \/><\/span><\/a><span class=\"meta-category\"><a class=\"success-cases\" href=\"https:\/\/thriverse.com\/sl\/category\/success-cases\/\">Zgodbe o uspehu<\/a><a class=\"thriving-leader\" href=\"https:\/\/thriverse.com\/sl\/category\/success-cases\/thriving-leader\/\">Izjemni vodja<\/a><a class=\"thriving-organization\" href=\"https:\/\/thriverse.com\/sl\/category\/success-cases\/thriving-organization\/\">Izjemna organizacija<\/a><a class=\"thriving-team\" href=\"https:\/\/thriverse.com\/sl\/category\/success-cases\/thriving-team\/\">Izjemna ekipa<\/a><\/span><a class=\"entire-meta-link\" href=\"https:\/\/thriverse.com\/sl\/50-percent-increase-sales-tenzor\/\" ><span class=\"screen-reader-text\">50% rast v prodaji in nove ravni ekipne dinamike pri Tenzorju<\/span><\/a>\n            <div class=\"article-content-wrap\">\n              <div class=\"post-header\">\n                <span class=\"meta\"> 10 marca, 2023 <\/span>\n                <h3 class=\"title\">50% rast v prodaji in nove ravni ekipne dinamike pri Tenzorju<\/h3>\n              <\/div><!--\/post-header-->\n              <div class=\"excerpt\">\n                Katere korake so prehodili v podjetju Tenzor, da so se izognil staremu na\u010dinu delovanja, pove\u010dali jasnost in hitrost ter zagotovili nadaljnji uspeh?              <\/div>\n            <\/div>\n\n            <div class=\"post-meta\">\n              <span class=\"meta-author\"> <a href=\"https:\/\/thriverse.com\/sl\/author\/thriverse\/\"> <i class=\"icon-default-style icon-salient-m-user\"><\/i> thriverse<\/a> <\/span>\n\n              \n              <div class=\"nectar-love-wrap\">\n                <a href=\"#\" class=\"nectar-love\" id=\"nectar-love-3131\" title=\"Love this\"> <i class=\"icon-salient-heart-2\"><\/i><span class=\"love-text\">Love<\/span><span class=\"total_loves\"><span class=\"nectar-love-count\">0<\/span><\/span><\/a>              <\/div><!--\/nectar-love-wrap-->\n            <\/div>\n\n          <\/div>\n\n        \n      <\/div><!--\/col-->\n\n      \n      <div class=\"col span_4 post-2979 post type-post status-publish format-standard has-post-thumbnail category-success-cases category-thriving-organization\" >\n\n        \n            <div class=\"inner-wrap post-2979 post type-post status-publish format-standard has-post-thumbnail category-success-cases category-thriving-organization\">\n\n            <a href=\"https:\/\/thriverse.com\/sl\/transforming-organizational-culture-at-triglav-group-insurance\/\"  class=\"img-link\"><span class=\"post-featured-img\"><img loading=\"lazy\" decoding=\"async\" width=\"600\" height=\"403\" src=\"https:\/\/thriverse.com\/wp-content\/uploads\/2023\/03\/triglav_web-1-600x403.jpg\" class=\"attachment-portfolio-thumb size-portfolio-thumb wp-post-image\" alt=\"\" title=\"\" sizes=\"auto, (min-width: 1300px) 33vw, (min-width: 1000px) 33vw, (min-width: 690px) 100vw, 100vw\" srcset=\"https:\/\/thriverse.com\/wp-content\/uploads\/2023\/03\/triglav_web-1-600x403.jpg 600w, https:\/\/thriverse.com\/wp-content\/uploads\/2023\/03\/triglav_web-1-900x604.jpg 900w, https:\/\/thriverse.com\/wp-content\/uploads\/2023\/03\/triglav_web-1-400x269.jpg 400w\" \/><\/span><\/a><span class=\"meta-category\"><a class=\"success-cases\" href=\"https:\/\/thriverse.com\/sl\/category\/success-cases\/\">Zgodbe o uspehu<\/a><a class=\"thriving-organization\" href=\"https:\/\/thriverse.com\/sl\/category\/success-cases\/thriving-organization\/\">Izjemna organizacija<\/a><\/span><a class=\"entire-meta-link\" href=\"https:\/\/thriverse.com\/sl\/transforming-organizational-culture-at-triglav-group-insurance\/\" ><span class=\"screen-reader-text\">Ustvarjanje v ljudi usmerjeno kulturo pri Triglav, d.d<\/span><\/a>\n            <div class=\"article-content-wrap\">\n              <div class=\"post-header\">\n                <span class=\"meta\"> 10 marca, 2023 <\/span>\n                <h3 class=\"title\">Ustvarjanje v ljudi usmerjeno kulturo pri Triglav, d.d<\/h3>\n              <\/div><!--\/post-header-->\n              <div class=\"excerpt\">\n                Prepoznavanje talentov, sodelovanje in napredno razmi\u0161ljanje v podjetju s 5400 zaposlenimi v sedmih dr\u017eavah je privedlo do 35-odstotnega pove\u010danja zavzetosti zaposlenih in svetovno priznanega Net Promoter Score.              <\/div>\n            <\/div>\n\n            <div class=\"post-meta\">\n              <span class=\"meta-author\"> <a href=\"https:\/\/thriverse.com\/sl\/author\/thriverse\/\"> <i class=\"icon-default-style icon-salient-m-user\"><\/i> thriverse<\/a> <\/span>\n\n              \n              <div class=\"nectar-love-wrap\">\n                <a href=\"#\" class=\"nectar-love\" id=\"nectar-love-2979\" title=\"Love this\"> <i class=\"icon-salient-heart-2\"><\/i><span class=\"love-text\">Love<\/span><span class=\"total_loves\"><span class=\"nectar-love-count\">0<\/span><\/span><\/a>              <\/div><!--\/nectar-love-wrap-->\n            <\/div>\n\n          <\/div>\n\n        \n      <\/div><!--\/col-->\n\n      \n      <div class=\"col span_4 post-2931 post type-post status-publish format-standard has-post-thumbnail category-success-cases category-thriving-leader category-thriving-organization\" >\n\n        \n            <div class=\"inner-wrap post-2931 post type-post status-publish format-standard has-post-thumbnail category-success-cases category-thriving-leader category-thriving-organization\">\n\n            <a href=\"https:\/\/thriverse.com\/sl\/50-in-sales-leadership-excellence-at-ekwb\/\"  class=\"img-link\"><span class=\"post-featured-img\"><img loading=\"lazy\" decoding=\"async\" width=\"600\" height=\"403\" src=\"https:\/\/thriverse.com\/wp-content\/uploads\/2023\/03\/ekwb-600x403.jpg\" class=\"attachment-portfolio-thumb size-portfolio-thumb wp-post-image\" alt=\"\" title=\"\" sizes=\"auto, (min-width: 1300px) 33vw, (min-width: 1000px) 33vw, (min-width: 690px) 100vw, 100vw\" srcset=\"https:\/\/thriverse.com\/wp-content\/uploads\/2023\/03\/ekwb-600x403.jpg 600w, https:\/\/thriverse.com\/wp-content\/uploads\/2023\/03\/ekwb-900x604.jpg 900w, https:\/\/thriverse.com\/wp-content\/uploads\/2023\/03\/ekwb-400x269.jpg 400w\" \/><\/span><\/a><span class=\"meta-category\"><a class=\"success-cases\" href=\"https:\/\/thriverse.com\/sl\/category\/success-cases\/\">Zgodbe o uspehu<\/a><a class=\"thriving-leader\" href=\"https:\/\/thriverse.com\/sl\/category\/success-cases\/thriving-leader\/\">Izjemni vodja<\/a><a class=\"thriving-organization\" href=\"https:\/\/thriverse.com\/sl\/category\/success-cases\/thriving-organization\/\">Izjemna organizacija<\/a><\/span><a class=\"entire-meta-link\" href=\"https:\/\/thriverse.com\/sl\/50-in-sales-leadership-excellence-at-ekwb\/\" ><span class=\"screen-reader-text\">50% rast prodaje in izjemno vodenje v EKWB<\/span><\/a>\n            <div class=\"article-content-wrap\">\n              <div class=\"post-header\">\n                <span class=\"meta\"> 9 marca, 2023 <\/span>\n                <h3 class=\"title\">50% rast prodaje in izjemno vodenje v EKWB<\/h3>\n              <\/div><!--\/post-header-->\n              <div class=\"excerpt\">\n                Svetovno priznani oblikovalec in proizvajalec IT strojne opreme je s pomo\u010djo na\u0161ega programa Izjemna organizacija dvignil svojo rast, pove\u010dal usklajenost in se uvrstil med najbolj\u0161ih 8% na svetu po zavzetosti zaposlenih.              <\/div>\n            <\/div>\n\n            <div class=\"post-meta\">\n              <span class=\"meta-author\"> <a href=\"https:\/\/thriverse.com\/sl\/author\/thriverse\/\"> <i class=\"icon-default-style icon-salient-m-user\"><\/i> thriverse<\/a> <\/span>\n\n              \n              <div class=\"nectar-love-wrap\">\n                <a href=\"#\" class=\"nectar-love\" id=\"nectar-love-2931\" title=\"Love this\"> <i class=\"icon-salient-heart-2\"><\/i><span class=\"love-text\">Love<\/span><span class=\"total_loves\"><span class=\"nectar-love-count\">0<\/span><\/span><\/a>              <\/div><!--\/nectar-love-wrap-->\n            <\/div>\n\n          <\/div>\n\n        \n      <\/div><!--\/col-->\n\n      \n    <\/div><!--\/blog-recent-->\n\n  \n\t\t\t<\/div> \n\t\t<\/div>\n\t<\/div> \n<\/div><\/div>","protected":false},"excerpt":{"rendered":"+50% in sales and leadership excellence at EKWB Challenge EKWB rose to the top as a leader in high performance liquid cooling. By 2020, they faced challenges from rapid growth...","protected":false},"author":1,"featured_media":0,"parent":0,"menu_order":0,"comment_status":"closed","ping_status":"closed","template":"","meta":{"_acf_changed":false,"footnotes":""},"class_list":["post-340","page","type-page","status-publish"],"acf":[],"_links":{"self":[{"href":"https:\/\/thriverse.com\/sl\/wp-json\/wp\/v2\/pages\/340","targetHints":{"allow":["GET"]}}],"collection":[{"href":"https:\/\/thriverse.com\/sl\/wp-json\/wp\/v2\/pages"}],"about":[{"href":"https:\/\/thriverse.com\/sl\/wp-json\/wp\/v2\/types\/page"}],"author":[{"embeddable":true,"href":"https:\/\/thriverse.com\/sl\/wp-json\/wp\/v2\/users\/1"}],"replies":[{"embeddable":true,"href":"https:\/\/thriverse.com\/sl\/wp-json\/wp\/v2\/comments?post=340"}],"version-history":[{"count":0,"href":"https:\/\/thriverse.com\/sl\/wp-json\/wp\/v2\/pages\/340\/revisions"}],"wp:attachment":[{"href":"https:\/\/thriverse.com\/sl\/wp-json\/wp\/v2\/media?parent=340"}],"curies":[{"name":"wp","href":"https:\/\/api.w.org\/{rel}","templated":true}]}}